{"id":2674,"date":"2024-09-03T15:45:41","date_gmt":"2024-09-03T13:45:41","guid":{"rendered":"https:\/\/ffl.tp-hosting.de\/?page_id=2674"},"modified":"2025-06-12T17:23:30","modified_gmt":"2025-06-12T15:23:30","slug":"agb","status":"publish","type":"page","link":"https:\/\/ffl.tp-hosting.de\/de\/agb\/","title":{"rendered":"AGB"},"content":{"rendered":"<h1><strong>Allgemeine Gesch\u00e4ftsbedingungen<\/strong><\/h1>\n<p><strong>\u00a7 1 Geltung, Begriffsdefinitionen<br \/>\n<\/strong>(1) Brand Loyalty Solutions GmbH, Friedrich-M\u00f6\u00dfner-Stra\u00dfe 34, D-79312 Emmendingen, \u00a0Deutschland, Gesch\u00e4ftsf\u00fchrer: Thomas Piske, E-Mail: info@brand-loyalty-solutions.com, Telefon: 0049 761 48 08 15 43, Registernummer: HRB 732243 (AG Freiburg), USt.-ID: DE450754488 (im Folgenden: \u201ewir\u201c oder \u201eFisherman\u2019s Friend Loyalty Store\u201c) betreibt unter der Webseite https:\/\/www.fishermansfriendloyalty.com einen Online-Shop f\u00fcr Waren. Die nachfolgenden allgemeinen Gesch\u00e4ftsbedingungen gelten f\u00fcr alle Leistungen zwischen uns und unseren Kunden (im Folgenden: \u201eKunde\u201c oder \u201eSie\u201c) in ihrer zum Zeitpunkt der Bestellung g\u00fcltigen Fassung, soweit nicht etwas anderes ausdr\u00fccklich vereinbart wurde.<br \/>\n(2) \u201eVerbraucher\u201c im Sinne dieser Gesch\u00e4ftsbedingungen ist jede nat\u00fcrliche Person, die ein Rechtsgesch\u00e4ft zu Zwecken abschlie\u00dft, die \u00fcberwiegend weder ihrer gewerblichen noch ihrer selbst\u00e4ndigen beruflichen T\u00e4tigkeit zugerechnet werden k\u00f6nnen. \u201eUnternehmer\u201c ist eine nat\u00fcrliche oder juristische Person oder eine rechtsf\u00e4hige Personengesellschaft, die bei Abschluss eines Rechtsgesch\u00e4fts in Aus\u00fcbung ihrer gewerblichen oder selbst\u00e4ndigen beruflichen T\u00e4tigkeit handelt, wobei eine rechtsf\u00e4hige Personengesellschaft eine Personengesellschaft ist, die mit der F\u00e4higkeit ausgestattet ist, Rechte zu erwerben und Verbindlichkeiten einzugehen.<\/p>\n<p><strong>\u00a7 2 Zustandekommen der Vertr\u00e4ge, Speicherung des Vertragstextes<br \/>\n<\/strong>(1) Die folgenden Regelungen \u00fcber den Vertragsabschluss gelten f\u00fcr Bestellungen \u00fcber unseren Online-Shop unter https:\/\/www.fishermansfriendloyalty.com.<br \/>\n(2) Unsere Produktdarstellungen im Internet sind unverbindlich und kein verbindliches Angebot zum Abschluss eines Vertrages.<br \/>\n(3) Zum Abschluss eines Vertrages mit uns, bzw. zur Abgabe eines Angebots auf Erwerb einer Ware bei uns ist es obligatorisch, dass Sie bei uns einen Benutzeraccount anlegen. Bei der Anlage des Benutzeraccounts wird die Eingabe bestimmter, insoweit als notwendig gekennzeichneter Daten vorausgesetzt. Die Angabe weiterer Daten ist freiwillig. Die entsprechend eingegebenen Daten werden gem\u00e4\u00df den Vorgaben unserer Datenschutzerkl\u00e4rung verarbeitet. Wir behalten uns vor, bei der Eingabe fehlerhafter Daten den Benutzeraccount zu l\u00f6schen. Hier\u00fcber werden wir Sie informieren und Ihnen die M\u00f6glichkeit zur Stellungnahme geben.<br \/>\n(4) Sie d\u00fcrfen nur einen Account bei uns er\u00f6ffnen, es besteht kein Anspruch auf Abschluss eines Nutzungsvertrages. Ein einmal erstellter Account ist nicht \u00fcbertragbar. Sie sind verpflichtet, das von Ihnen gew\u00e4hlte Passwort geheim zu halten und d\u00fcrfen dieses nicht an Dritte weitergeben. Sie sollten uns unverz\u00fcglich dar\u00fcber informieren, wenn Ihnen Anhaltspunkte zur Kenntnis gelangen, die darauf hindeuten, dass Ihr Account missbr\u00e4uchlich verwendet wurde.<br \/>\n(5) Der Nutzungsvertrag kommt mit Freischaltung des Nutzerzugangs zustande. Die Freischaltung des Nutzerzugangs erfolgt, nachdem der Nutzer den Anmelde-Button auf der Registrierungsseite angeklickt hat, auf welcher dieser sein Passwort eingegeben hat und die Einbeziehung dieser Nutzungsbedingungen in den Nutzungsvertrag anerkannt hat. Letzteres erfolgt durch das Setzen eines H\u00e4kchens an der erforderlichen Stelle auf der Registrierungsseite. Das Zustandekommen des Nutzungsvertrages wird durch eine entsprechende E-Mail best\u00e4tigt.<br \/>\n(6) Mit Abschluss des Nutzungsvertrages sind Sie berechtigt, Bestellungen bei uns zu t\u00e4tigen. Bei Eingang einer Bestellung in unserem Online-Shop gelten folgende Regelungen: Der Kunde gibt ein bindendes Vertragsangebot ab, indem er die in unserem Online-Shop vorgesehene Bestellprozedur erfolgreich durchl\u00e4uft. Die Bestellung erfolgt in folgenden Schritten:<\/p>\n<ol>\n<li>Auswahl der gew\u00fcnschten Ware,<\/li>\n<li>Hinzuf\u00fcgen der Produkte durch Anklicken des entsprechenden Buttons (z.B. \u201eIn den Warenkorb\u201c, \u201eIn die Einkaufstasche\u201c o.\u00e4.),<\/li>\n<li>Pr\u00fcfung der Angaben im Warenkorb,<\/li>\n<li>Aufrufen der Bestell\u00fcbersicht durch Anklicken des entsprechenden Buttons (z.B. \u201eWeiter zur Kasse\u201c, \u201eWeiter zur Zahlung\u201c, \u201eZur Bestell\u00fcbersicht\u201c o.\u00e4.),<\/li>\n<li>Eingabe\/Pr\u00fcfung der Adress- und Kontaktdaten, Auswahl der Zahlungsart, Best\u00e4tigung der AGB und Widerrufsbelehrung,<\/li>\n<li>Sofern die vereinbarte Beschaffenheit der Ware von deren \u00fcblichen Beschaffenheit und Verwendungsvoraussetzungen abweicht, Best\u00e4tigung einer negativen Beschaffenheitsvereinbarung,<\/li>\n<li>Abschluss der Bestellung durch Bet\u00e4tigung des Buttons \u201eJetzt kaufen\u201c. Dies stellt Ihre verbindliche Bestellung dar.<\/li>\n<li>Der Vertrag kommt zustande, indem Ihnen innerhalb von drei Werktagen an die angegebene E-Mail-Adresse eine Bestellbest\u00e4tigung von uns zugeht.<\/li>\n<\/ol>\n<p>(7) Im Falle des Vertragsschlusses kommt der Vertrag mit Brand Loyalty Solutions GmbH, Friedrich-M\u00f6\u00dfner-Stra\u00dfe 34, Emmendingen, D-79312, Deutschland, Gesch\u00e4ftsf\u00fchrer: Thomas Piske, E-Mail: info@brand-loyalty-solutions.com, Telefon 0049 761 48 08 15 43, Registernummer: HRB 732243, USt.-ID: DE450754488, Deutschland zustande.<br \/>\n(8) Vor der Bestellung k\u00f6nnen die Vertragsdaten \u00fcber die Druckfunktion des Browsers ausgedruckt oder elektronisch gesichert werden. Die Abwicklung der Bestellung und \u00dcbermittlung aller im Zusammenhang mit dem Vertragsschluss erforderlichen Informationen, insbesondere der Bestelldaten, der AGB und der Widerrufsbelehrung, erfolgt per E-Mail nach dem Ausl\u00f6sen der Bestellung durch Sie, zum Teil automatisiert. Wir speichern den Vertragstext nach Vertragsschluss nicht.<br \/>\n(9) Eingabefehler k\u00f6nnen mittels der \u00fcblichen Tastatur-, Maus- und Browser-Funktionen (z.B. \u00bbZur\u00fcck-Button\u00ab des Browsers) berichtigt werden. Sie k\u00f6nnen auch dadurch berichtigt werden, dass Sie den Bestellvorgang vorzeitig abbrechen, das Browserfenster schlie\u00dfen und den Vorgang wiederholen.<br \/>\n(10) Die Abwicklung der Bestellung und \u00dcbermittlung aller im Zusammenhang mit dem Vertragsschluss erforderlichen Informationen erfolgt per E-Mail zum Teil automatisiert. Sie haben deshalb sicherzustellen, dass die von Ihnen bei uns hinterlegte E-Mail-Adresse zutreffend ist, der Empfang der E-Mails technisch sichergestellt und insbesondere nicht durch SPAM-Filter verhindert wird.<\/p>\n<p><strong>\u00a7 3 Gegenstand des Vertrages und wesentliche Merkmale der Produkte<br \/>\n<\/strong>(1) Bei unserem Online-Shop ist Vertragsgegenstand:<\/p>\n<ol>\n<li>Der Verkauf von Waren. Die konkret angebotenen Waren k\u00f6nnen Sie unseren Artikelseiten entnehmen.<\/li>\n<\/ol>\n<p>(2) Die wesentlichen Merkmale der Ware finden sich in der Artikelbeschreibung. Sofern die vereinbarte Beschaffenheit der Ware von deren \u00fcblichen Beschaffenheit und Verwendungsvoraussetzungen abweicht, wird darauf in der Artikelbeschreibung ausdr\u00fccklich hingewiesen (negative Beschaffenheitsvereinbarung). Soweit der Kunde seine ausdr\u00fcckliche Einwilligung in die negative Beschaffenheitsabweichung erteilt hat, definiert diese den Vertragsgegenstand.<\/p>\n<p><strong>\u00a7 4 Preise, Versandkosten und Lieferung<br \/>\n<\/strong>(1) Die in den jeweiligen Angeboten angef\u00fchrten Preise sowie die Versandkosten sind Gesamtpreise und beinhalten alle Preisbestandteile einschlie\u00dflich aller anfallenden Steuern.<br \/>\n(2) Der jeweilige Kaufpreis ist vor der Lieferung des Produktes zu leisten (Vorkasse), es sei denn, wir bieten ausdr\u00fccklich den Kauf auf Rechnung an. Die Ihnen zur Verf\u00fcgung stehenden Zahlungsarten sind unter einer entsprechend bezeichneten Schaltfl\u00e4che im Online-Shop oder im jeweiligen Angebot ausgewiesen. Soweit bei den einzelnen Zahlungsarten nicht anders angegeben, sind die Zahlungsanspr\u00fcche sofort zur Zahlung f\u00e4llig.<br \/>\n(3) Zus\u00e4tzlich zu den angegebenen Preisen k\u00f6nnen f\u00fcr die Lieferung von Produkten Versandkosten anfallen, sofern der jeweilige Artikel nicht als versandkostenfrei ausgewiesen ist. Die Versandkosten werden Ihnen auf den Angeboten, ggf. im Warenkorbsystem und auf der Bestell\u00fcbersicht nochmals deutlich mitgeteilt.<br \/>\n(4) Alle angebotenen Produkte sind, sofern nicht in der Produktbeschreibung deutlich anders angegeben, sofort versandfertig (Lieferzeit: ca. 3-7 Werktage\u00a0 nach dem Eingang der Zahlung. Weitere Informationen bzgl. unserer Lieferzeiten finden Sie <a href=\"https:\/\/ffl.tp-hosting.de\/de\/versand-zahlung\/\">hier<\/a>).<br \/>\n(5) Es bestehen die folgenden Liefergebietsbeschr\u00e4nkungen: Die Lieferung erfolgt in folgende L\u00e4nder: Deutschland, Niederlande, \u00d6sterreich.<br \/>\n(6) Scheitert die Zustellung der Ware aus Gr\u00fcnden, die Sie zu vertreten haben, tragen Sie die uns hierdurch entstehenden angemessenen Kosten. Dies gilt im Hinblick auf die Kosten f\u00fcr die Hinsendung nicht, wenn Sie Ihr Widerrufsrecht wirksam aus\u00fcben. F\u00fcr die R\u00fccksendekosten gilt bei wirksamer Aus\u00fcbung des Widerrufsrechts durch Sie die in der Widerrufsbelehrung von uns hierzu getroffenen Regelung.<\/p>\n<p><strong>\u00a7 5 Zur\u00fcckbehaltungsrecht, Eigentumsvorbehalt<br \/>\n<\/strong>(1) Ein Zur\u00fcckbehaltungsrecht k\u00f6nnen Sie nur aus\u00fcben, soweit es sich um Forderungen aus demselben Vertragsverh\u00e4ltnis handelt.<br \/>\n(2) Die Ware bleibt bis zur vollst\u00e4ndigen Zahlung des Kaufpreises unser Eigentum.<\/p>\n<p><strong>\u00a7 6 Widerrufsrecht<br \/>\n<\/strong>Sollten Sie ein Verbraucher im Sinne von \u00a7 12 BGB sein, steht Ihnen des gesetzliche Widerrufsrecht sowohl f\u00fcr den Abschluss des Nutzungsvertrages als auch bei einzelnen Bestellungen, bzw. Vertragsabschl\u00fcssen zu. Dieses richtet sich nach unserer\u00a0<a href=\"https:\/\/ffl.tp-hosting.de\/de\/widerrufsrecht\/\">Widerrufsbelehrung<\/a>.<\/p>\n<p><strong>\u00a7 7 Vertragssprache<br \/>\n<\/strong>Als Vertragssprachen stehen ausschlie\u00dflich Englisch, Deutsch oder Niederl\u00e4ndisch zur Verf\u00fcgung.<\/p>\n<p><strong>\u00a7 8 Haftung<br \/>\n<\/strong>(1) Vorbehaltlich der nachfolgenden Ausnahmen ist unsere Haftung f\u00fcr vertragliche Pflichtverletzungen sowie aus unerlaubter Handlung auf Vorsatz oder grobe Fahrl\u00e4ssigkeit beschr\u00e4nkt.<br \/>\n(2) Wir haften bei leichter Fahrl\u00e4ssigkeit im Falle der Verletzung des Lebens, des K\u00f6rpers, der Gesundheit oder bei Verletzung einer vertragswesentlichen Pflicht oder bei Anspr\u00fcchen nach dem ProdHaftG unbeschr\u00e4nkt. Wenn wir durch leichte Fahrl\u00e4ssigkeit mit der Leistung in Verzug geraten sind, wenn die Leistung unm\u00f6glich geworden ist oder wenn wir eine vertragswesentliche Pflicht verletzt haben, ist die Haftung f\u00fcr darauf zur\u00fcckzuf\u00fchrende Sach- und Verm\u00f6genssch\u00e4den auf den\u00a0<strong>vertragstypisch vorhersehbaren Schaden<\/strong> begrenzt. Eine vertragswesentliche Pflicht ist eine solche, deren Erf\u00fcllung die ordnungsgem\u00e4\u00dfe Durchf\u00fchrung des Vertrages \u00fcberhaupt erst erm\u00f6glicht, deren Verletzung die Erreichung des Vertragszwecks gef\u00e4hrdet und auf deren Einhaltung Sie regelm\u00e4\u00dfig vertrauen d\u00fcrfen. Dazu geh\u00f6rt insbesondere unsere Pflicht zum T\u00e4tigwerden und der Erf\u00fcllung der vertraglich geschuldeten Leistung, die in \u00a7 3 beschrieben wird.<\/p>\n<p><strong>\u00a7 9 Gew\u00e4hrleistung<br \/>\n<\/strong>(1) Die Gew\u00e4hrleistung richtet sich nach den gesetzlichen Bestimmungen.<br \/>\n(2) Gegen\u00fcber Unternehmern betr\u00e4gt die Gew\u00e4hrleistungsfrist auf gelieferte Sachen 12 Monate.<br \/>\n(3) Als Verbraucher werden Sie gebeten, die Sache\/die digitalen G\u00fcter oder die erbrachte Dienstleistung bei Vertragserf\u00fcllung umgehend auf Vollst\u00e4ndigkeit, offensichtliche M\u00e4ngel und Transportsch\u00e4den zu \u00fcberpr\u00fcfen und uns sowie dem Spediteur Beanstandungen schnellstm\u00f6glich mitzuteilen. Kommen Sie dem nicht nach, hat dies nat\u00fcrlich keine Auswirkung auf Ihre gesetzlichen Gew\u00e4hrleistungsanspr\u00fcche.<\/p>\n<p><strong>\u00a7 10 Schlussbestimmungen\/Streitbeilegung<br \/>\n<\/strong>(1) Es gilt deutsches Recht. Bei Verbrauchern gilt diese Rechtswahl nur, soweit hierdurch der durch zwingende Bestimmungen des Rechts des Staates des gew\u00f6hnlichen Aufenthaltes des Verbrauchers gew\u00e4hrte Schutz nicht entzogen wird (G\u00fcnstigkeitsprinzip).<br \/>\n(2) Die Bestimmungen des UN-Kaufrechts finden ausdr\u00fccklich keine Anwendung.<br \/>\n(3) Sofern es sich beim Kunden um einen Kaufmann, eine juristische Person des \u00f6ffentlichen Rechts oder um ein \u00f6ffentlich-rechtliches Sonderverm\u00f6gen handelt, ist Gerichtsstand f\u00fcr alle Streitigkeiten aus Vertragsverh\u00e4ltnissen zwischen dem Kunden und dem Anbieter der Sitz des Anbieters.<\/p>\n","protected":false},"excerpt":{"rendered":"<p>Allgemeine Gesch\u00e4ftsbedingungen \u00a7 1 Geltung, Begriffsdefinitionen (1) Brand Loyalty Solutions GmbH, Friedrich-M\u00f6\u00dfner-Stra\u00dfe 34, D-79312 Emmendingen, \u00a0Deutschland, Gesch\u00e4ftsf\u00fchrer: Thomas Piske, E-Mail: info@brand-loyalty-solutions.com, Telefon: 0049 761 48 08 15 43, Registernummer: HRB&#8230;<\/p>\n","protected":false},"author":3,"featured_media":0,"parent":0,"menu_order":0,"comment_status":"closed","ping_status":"closed","template":"","meta":{"inline_featured_image":false,"footnotes":""},"class_list":["post-2674","page","type-page","status-publish"],"jetpack_sharing_enabled":true,"_links":{"self":[{"href":"https:\/\/ffl.tp-hosting.de\/de\/wp-json\/wp\/v2\/pages\/2674","targetHints":{"allow":["GET"]}}],"collection":[{"href":"https:\/\/ffl.tp-hosting.de\/de\/wp-json\/wp\/v2\/pages"}],"about":[{"href":"https:\/\/ffl.tp-hosting.de\/de\/wp-json\/wp\/v2\/types\/page"}],"author":[{"embeddable":true,"href":"https:\/\/ffl.tp-hosting.de\/de\/wp-json\/wp\/v2\/users\/3"}],"replies":[{"embeddable":true,"href":"https:\/\/ffl.tp-hosting.de\/de\/wp-json\/wp\/v2\/comments?post=2674"}],"version-history":[{"count":8,"href":"https:\/\/ffl.tp-hosting.de\/de\/wp-json\/wp\/v2\/pages\/2674\/revisions"}],"predecessor-version":[{"id":2941,"href":"https:\/\/ffl.tp-hosting.de\/de\/wp-json\/wp\/v2\/pages\/2674\/revisions\/2941"}],"wp:attachment":[{"href":"https:\/\/ffl.tp-hosting.de\/de\/wp-json\/wp\/v2\/media?parent=2674"}],"curies":[{"name":"wp","href":"https:\/\/api.w.org\/{rel}","templated":true}]}}