{"id":2684,"date":"2025-06-10T22:19:06","date_gmt":"2025-06-10T20:19:06","guid":{"rendered":"https:\/\/ffl.tp-hosting.de\/?page_id=2684"},"modified":"2025-06-16T11:06:12","modified_gmt":"2025-06-16T09:06:12","slug":"widerrufsrecht","status":"publish","type":"page","link":"https:\/\/ffl.tp-hosting.de\/de\/widerrufsrecht\/","title":{"rendered":"Widerrufsrecht"},"content":{"rendered":"<h1><strong>Widerrufsrecht f\u00fcr Verbraucher<\/strong><\/h1>\n<p>Verbraucher ist jede nat\u00fcrliche Person, die ein Rechtsgesch\u00e4ft zu Zwecken abschlie\u00dft, die \u00fcberwiegend weder ihrer gewerblichen noch ihrer selbstst\u00e4ndigen beruflichen T\u00e4tigkeit zugerechnet werden kann.<\/p>\n<p><strong>Widerrufsbelehrung<\/strong><\/p>\n<h2><strong>Widerrufsrecht<\/strong><\/h2>\n<p>Sie haben das Recht, binnen vierzehn Tagen ohne Angabe von Gr\u00fcnden diesen Vertrag zu widerrufen.<\/p>\n<p>Die Widerrufsfrist betr\u00e4gt vierzehn Tage<\/p>\n<ol>\n<li>f\u00fcr den Nutzungsvertrag ab dem Tag, an dem der Nutzungsvertrag gem\u00e4\u00df \u00a72 Absatz 5 unserer AGB zustande kam.<\/li>\n<li>f\u00fcr Warenbestellungen ab dem Tag,\n<ul>\n<li>an dem Sie oder ein von Ihnen benannter Dritter, der nicht der Bef\u00f6rderer ist, die Waren in Besitz genommen haben bzw. hat, sofern Sie eine oder mehrere Waren im Rahmen einer einheitlichen Bestellung bestellt haben und diese einheitlich geliefert wird bzw. werden, oder<\/li>\n<li>an dem Sie oder ein von Ihnen benannter Dritter, der nicht der Bef\u00f6rderer ist, die letzte Ware in Besitz genommen haben bzw. hat, sofern Sie mehrere Waren im Rahmen einer einheitlichen Bestellung bestellt haben und diese getrennt geliefert werden, oder<\/li>\n<li>an dem Sie oder ein von Ihnen benannter Dritter, der nicht der Bef\u00f6rderer ist, die letzte Teilsendung oder das letzte St\u00fcck in Besitz genommen haben bzw. hat, sofern Sie eine Ware bestellt haben, die in mehreren Teilsendungen oder St\u00fccken geliefert wird.<\/li>\n<\/ul>\n<\/li>\n<\/ol>\n<p>Um Ihr Widerrufsrecht auszu\u00fcben, m\u00fcssen Sie uns<\/p>\n<p>Brand Loyalty Solutions GmbH<br \/>\nFriedrich-M\u00f6\u00dfner-Stra\u00dfe 34<br \/>\nD-79312 Emmendingen<br \/>\nDeutschland<\/p>\n<p><a href=\"mailto:widerruf-ffl@brand-loyalty-solutions.com\">widerruf-ffl@brand-loyalty-solutions.com<\/a><\/p>\n<p>mittels einer eindeutigen Erkl\u00e4rung (z.B. ein mit der Post versandter Brief, E-Mail) \u00fcber Ihren Entschluss, diesen Vertrag zu widerrufen, informieren. Sie k\u00f6nnen daf\u00fcr das beigef\u00fcgte Muster-Widerrufsformular verwenden, das jedoch nicht vorgeschrieben ist.<\/p>\n<p>Zur Wahrung der Widerrufsfrist reicht es aus, dass Sie die Mitteilung \u00fcber die Aus\u00fcbung des Widerrufsrechts vor Ablauf der Widerrufsfrist absenden.<\/p>\n<p>&nbsp;<\/p>\n<h2><strong>Folgen des Widerrufs<\/strong><\/h2>\n<p>Wenn Sie diesen Vertrag widerrufen, haben wir Ihnen alle Zahlungen, die wir von Ihnen erhalten haben, einschlie\u00dflich der Lieferkosten (mit Ausnahme der zus\u00e4tzlichen Kosten, die sich daraus ergeben, dass Sie eine andere Art der Lieferung als die von uns angebotene, g\u00fcnstigste Standardlieferung gew\u00e4hlt haben), unverz\u00fcglich und sp\u00e4testens binnen vierzehn Tagen ab dem Tag zur\u00fcckzuzahlen, an dem die Mitteilung \u00fcber Ihren Widerruf dieses Vertrags bei uns eingegangen ist. F\u00fcr diese R\u00fcckzahlung verwenden wir dasselbe Zahlungsmittel, das Sie bei der urspr\u00fcnglichen Transaktion eingesetzt haben, es sei denn, mit Ihnen wurde ausdr\u00fccklich etwas anderes vereinbart; in keinem Fall werden Ihnen wegen dieser R\u00fcckzahlung Entgelte berechnet.<\/p>\n<p>Wir k\u00f6nnen die R\u00fcckzahlung verweigern, bis wir die Waren wieder zur\u00fcckerhalten haben oder bis Sie den Nachweis erbracht haben, dass Sie die Waren zur\u00fcckgesandt haben, je nachdem, welches der fr\u00fchere Zeitpunkt ist.<\/p>\n<p>Sie haben die Waren unverz\u00fcglich und in jedem Fall sp\u00e4testens binnen vierzehn Tagen ab dem Tag, an dem Sie uns \u00fcber den Widerruf dieses Vertrags unterrichten, an uns zur\u00fcckzusenden oder zu \u00fcbergeben. Die Frist ist gewahrt, wenn Sie die Waren vor Ablauf der Frist von vierzehn Tagen absenden.<\/p>\n<p>Wir tragen die Kosten der R\u00fccksendung der Waren.<\/p>\n<p>Sie m\u00fcssen f\u00fcr einen etwaigen Wertverlust der Waren nur aufkommen, wenn dieser Wertverlust auf einen zur Pr\u00fcfung der Beschaffenheit, Eigenschaften und Funktionsweise der Waren nicht notwendigen Umgang mit ihnen zur\u00fcckzuf\u00fchren ist.<\/p>\n<p>&nbsp;<\/p>\n<h2><strong>Ausschluss des Widerrufsrechts<\/strong><\/h2>\n<p>Das Widerrufsrecht besteht nach \u00a7 312g Abs. 2 BGB nicht bei:<\/p>\n<ul>\n<li>Vertr\u00e4gen zur Lieferung von Waren, die nicht vorgefertigt sind und f\u00fcr deren Herstellung eine individuelle Auswahl oder Bestimmung durch den Verbraucher ma\u00dfgeblich ist oder die eindeutig auf die pers\u00f6nlichen Bed\u00fcrfnisse des Verbrauchers zugeschnitten sind<\/li>\n<li>Vertr\u00e4ge zur Lieferung versiegelter Waren, die aus Gr\u00fcnden des Gesundheitsschutzes oder der Hygiene nicht zur R\u00fcckgabe geeignet sind, wenn ihre Versiegelung nach der Lieferung entfernt wurde.<\/li>\n<\/ul>\n<p>&nbsp;<\/p>\n<h2><strong>Allgemeine Hinweise<\/strong><\/h2>\n<p>1) Bitte vermeiden Sie Besch\u00e4digungen und Verunreinigungen der Ware. Senden Sie die Ware bitte in Originalverpackung mit s\u00e4mtlichem Zubeh\u00f6r und mit allen Verpackungsbestandteilen an uns zur\u00fcck. Verwenden Sie ggf. eine sch\u00fctzende Umverpackung. Wenn Sie die Originalverpackung nicht mehr besitzen, sorgen Sie bitte mit einer geeigneten Verpackung f\u00fcr einen ausreichenden Schutz vor Transportsch\u00e4den.<br \/>\n2) Bitte verwenden Sie f\u00fcr die R\u00fccksendung das von uns zur Verf\u00fcgung gestellte R\u00fccksendeetikett.<br \/>\n3) Bitte beachten Sie, dass die vorgenannten Ziffern 1-2 nicht Voraussetzung f\u00fcr die wirksame Aus\u00fcbung des Widerrufsrechts sind.<\/p>\n<p>&nbsp;<\/p>\n<h2><strong>R\u00fccksendeetiketten<\/strong><\/h2>\n<p>Unbeschadet Ihrer gesetzlichen Rechte werden Ihnen kostenlose R\u00fccksendeetiketten f\u00fcr Ihre R\u00fccksendung zur Verf\u00fcgung gestellt. Bei Verwendung dieser R\u00fccksendeetiketten ist die R\u00fccksendung f\u00fcr Sie kostenlos.<\/p>\n<p>Wir senden kein R\u00fccksendeetikett mit im Paket, weil wir der Umwelt helfen wollen, und lassen Ihnen dieses im Falle eines Widerrufs per Mail zukommen.<\/p>\n<p>Die R\u00fccksendung k\u00f6nnen Sie in einem Paketshop des jeweiligen Anbieters in Ihrem Land abgeben.<\/p>\n<p>&nbsp;<\/p>\n<h2><strong>Muster-Widerrufsformular<\/strong><\/h2>\n<p>Wenn Sie den Vertrag widerrufen wollen, dann f\u00fcllen Sie bitte dieses Formular aus und senden Sie es zur\u00fcck.<\/p>\n<p>An<\/p>\n<p>Brand Loyalty Solutions GmbH<br \/>\nFriedrich-M\u00f6\u00dfner-Stra\u00dfe 34<br \/>\nD-79312 Emmendingen<br \/>\nDeutschland<\/p>\n<p>E-Mail: <a href=\"mailto:widerruf-ffl@brand-loyalty-solutions.com\">widerruf-ffl@brand-loyalty-solutions.com<\/a><\/p>\n<p>Hiermit widerrufe(n) ich\/wir (*) den von mir\/uns (*) abgeschlossenen Vertrag \u00fcber den Kauf der folgenden Waren (*)\/ die Erbringung der folgenden Dienstleistung (*)<\/p>\n<p>__________________________________________________<\/p>\n<p>__________________________________________________<\/p>\n<p>Bestellt am (*) ____________\/erhalten am (*) ______________<\/p>\n<p>__________________________________________________<br \/>\nName des\/der Verbraucher(s)<\/p>\n<p>__________________________________________________<br \/>\nAnschrift des\/der Verbraucher(s)<\/p>\n<p>__________________________________________________<br \/>\nUnterschrift des\/der Verbraucher(s) (nur bei Mitteilung auf Papier)<\/p>\n<p>____________________<br \/>\nDatum<\/p>\n<p>(*) Unzutreffendes streichen.<\/p>\n","protected":false},"excerpt":{"rendered":"<p>Widerrufsrecht f\u00fcr Verbraucher Verbraucher ist jede nat\u00fcrliche Person, die ein Rechtsgesch\u00e4ft zu Zwecken abschlie\u00dft, die \u00fcberwiegend weder ihrer gewerblichen noch ihrer selbstst\u00e4ndigen beruflichen T\u00e4tigkeit zugerechnet werden kann. Widerrufsbelehrung Widerrufsrecht Sie&#8230;<\/p>\n","protected":false},"author":3,"featured_media":0,"parent":0,"menu_order":0,"comment_status":"closed","ping_status":"closed","template":"","meta":{"inline_featured_image":false,"footnotes":""},"class_list":["post-2684","page","type-page","status-publish"],"jetpack_sharing_enabled":true,"_links":{"self":[{"href":"https:\/\/ffl.tp-hosting.de\/de\/wp-json\/wp\/v2\/pages\/2684","targetHints":{"allow":["GET"]}}],"collection":[{"href":"https:\/\/ffl.tp-hosting.de\/de\/wp-json\/wp\/v2\/pages"}],"about":[{"href":"https:\/\/ffl.tp-hosting.de\/de\/wp-json\/wp\/v2\/types\/page"}],"author":[{"embeddable":true,"href":"https:\/\/ffl.tp-hosting.de\/de\/wp-json\/wp\/v2\/users\/3"}],"replies":[{"embeddable":true,"href":"https:\/\/ffl.tp-hosting.de\/de\/wp-json\/wp\/v2\/comments?post=2684"}],"version-history":[{"count":18,"href":"https:\/\/ffl.tp-hosting.de\/de\/wp-json\/wp\/v2\/pages\/2684\/revisions"}],"predecessor-version":[{"id":3019,"href":"https:\/\/ffl.tp-hosting.de\/de\/wp-json\/wp\/v2\/pages\/2684\/revisions\/3019"}],"wp:attachment":[{"href":"https:\/\/ffl.tp-hosting.de\/de\/wp-json\/wp\/v2\/media?parent=2684"}],"curies":[{"name":"wp","href":"https:\/\/api.w.org\/{rel}","templated":true}]}}