{"id":2402,"date":"2025-05-27T16:00:11","date_gmt":"2025-05-27T14:00:11","guid":{"rendered":"https:\/\/ffl.tp-hosting.de\/?post_type=product&#038;p=2402"},"modified":"2025-06-12T16:54:37","modified_gmt":"2025-06-12T14:54:37","slug":"ff-beach-pink-kopie","status":"publish","type":"product","link":"https:\/\/ffl.tp-hosting.de\/de\/produkt\/ff-beach-pink-kopie\/","title":{"rendered":"Beachbag SALMIAK"},"content":{"rendered":"<p>Wahrscheinlich die beliebteste Promotion in der Geschichte von FISHERMAN&#8217;S FRIEND, mit hoher Nachfrage bei Messen, Promotion-Teams und Verbrauchern. Nun endlich auch f\u00fcr die \u00d6ffentlichkeit erh\u00e4ltlich!<\/p>\n","protected":false},"excerpt":{"rendered":"<p>Wahrscheinlich die beliebteste Promotion in der Geschichte von FISHERMAN&#8217;S FRIEND, mit hoher Nachfrage bei Messen, Promotion-Teams und Verbrauchern. Nun endlich auch f\u00fcr die \u00d6ffentlichkeit erh\u00e4ltlich!<\/p>\n","protected":false},"featured_media":2533,"template":"","meta":{"inline_featured_image":false},"product_brand":[],"product_cat":[41],"product_tag":[],"class_list":{"0":"post-2402","1":"product","2":"type-product","3":"status-publish","4":"has-post-thumbnail","6":"product_cat-accessoirs","8":"first","9":"instock","10":"taxable","11":"shipping-taxable","12":"purchasable","13":"product-type-simple"},"jetpack_sharing_enabled":true,"_links":{"self":[{"href":"https:\/\/ffl.tp-hosting.de\/de\/wp-json\/wp\/v2\/product\/2402","targetHints":{"allow":["GET"]}}],"collection":[{"href":"https:\/\/ffl.tp-hosting.de\/de\/wp-json\/wp\/v2\/product"}],"about":[{"href":"https:\/\/ffl.tp-hosting.de\/de\/wp-json\/wp\/v2\/types\/product"}],"wp:featuredmedia":[{"embeddable":true,"href":"https:\/\/ffl.tp-hosting.de\/de\/wp-json\/wp\/v2\/media\/2533"}],"wp:attachment":[{"href":"https:\/\/ffl.tp-hosting.de\/de\/wp-json\/wp\/v2\/media?parent=2402"}],"wp:term":[{"taxonomy":"product_brand","embeddable":true,"href":"https:\/\/ffl.tp-hosting.de\/de\/wp-json\/wp\/v2\/product_brand?post=2402"},{"taxonomy":"product_cat","embeddable":true,"href":"https:\/\/ffl.tp-hosting.de\/de\/wp-json\/wp\/v2\/product_cat?post=2402"},{"taxonomy":"product_tag","embeddable":true,"href":"https:\/\/ffl.tp-hosting.de\/de\/wp-json\/wp\/v2\/product_tag?post=2402"}],"curies":[{"name":"wp","href":"https:\/\/api.w.org\/{rel}","templated":true}]}}