{"id":3081,"date":"2025-06-17T09:14:07","date_gmt":"2025-06-17T07:14:07","guid":{"rendered":"https:\/\/ffl.tp-hosting.de\/?post_type=product&#038;p=3081"},"modified":"2025-06-17T10:05:16","modified_gmt":"2025-06-17T08:05:16","slug":"t-shirt-never-be-without-a-friend","status":"publish","type":"product","link":"https:\/\/ffl.tp-hosting.de\/de\/produkt\/t-shirt-never-be-without-a-friend\/","title":{"rendered":"T-Shirt &#8211; Never be without a friend"},"content":{"rendered":"<p>\u201eNever be without a friend\u201c<\/p>\n<p>Klassisches T-Shirt aus 100% Baumwolle in Single-Jersey-Qualit\u00e4t, zertifiziert nach OEKO-TEX\u00ae Standard 100. Es verf\u00fcgt \u00fcber einen Rundhalsausschnitt und elastische B\u00fcndchen. Das Modell JN789 ist leicht tailliert mit Seitenn\u00e4hten, w\u00e4hrend das Modell JN790 ohne Seitenn\u00e4hte entworfen ist.<\/p>\n","protected":false},"excerpt":{"rendered":"<p>\u201eNever be without a friend\u201c Klassisches T-Shirt aus 100% Baumwolle in Single-Jersey-Qualit\u00e4t, zertifiziert nach OEKO-TEX\u00ae Standard 100. Es verf\u00fcgt \u00fcber einen Rundhalsausschnitt und elastische B\u00fcndchen. Das Modell JN789 ist leicht&#8230;<\/p>\n","protected":false},"featured_media":3093,"template":"","meta":{"inline_featured_image":false},"product_brand":[],"product_cat":[40],"product_tag":[],"class_list":{"0":"post-3081","1":"product","2":"type-product","3":"status-publish","4":"has-post-thumbnail","6":"product_cat-kleidung","8":"first","9":"instock","10":"taxable","11":"shipping-taxable","12":"purchasable","13":"product-type-variable"},"jetpack_sharing_enabled":true,"_links":{"self":[{"href":"https:\/\/ffl.tp-hosting.de\/de\/wp-json\/wp\/v2\/product\/3081","targetHints":{"allow":["GET"]}}],"collection":[{"href":"https:\/\/ffl.tp-hosting.de\/de\/wp-json\/wp\/v2\/product"}],"about":[{"href":"https:\/\/ffl.tp-hosting.de\/de\/wp-json\/wp\/v2\/types\/product"}],"wp:featuredmedia":[{"embeddable":true,"href":"https:\/\/ffl.tp-hosting.de\/de\/wp-json\/wp\/v2\/media\/3093"}],"wp:attachment":[{"href":"https:\/\/ffl.tp-hosting.de\/de\/wp-json\/wp\/v2\/media?parent=3081"}],"wp:term":[{"taxonomy":"product_brand","embeddable":true,"href":"https:\/\/ffl.tp-hosting.de\/de\/wp-json\/wp\/v2\/product_brand?post=3081"},{"taxonomy":"product_cat","embeddable":true,"href":"https:\/\/ffl.tp-hosting.de\/de\/wp-json\/wp\/v2\/product_cat?post=3081"},{"taxonomy":"product_tag","embeddable":true,"href":"https:\/\/ffl.tp-hosting.de\/de\/wp-json\/wp\/v2\/product_tag?post=3081"}],"curies":[{"name":"wp","href":"https:\/\/api.w.org\/{rel}","templated":true}]}}