{"id":3107,"date":"2025-06-17T09:20:15","date_gmt":"2025-06-17T07:20:15","guid":{"rendered":"https:\/\/ffl.tp-hosting.de\/?post_type=product&#038;p=3107"},"modified":"2025-06-17T10:04:32","modified_gmt":"2025-06-17T08:04:32","slug":"hoodie-never-be-without-a-friend","status":"publish","type":"product","link":"https:\/\/ffl.tp-hosting.de\/de\/produkt\/hoodie-never-be-without-a-friend\/","title":{"rendered":"Hoodie &#8211; Never be without a friend"},"content":{"rendered":"<p>\u201eNever be without a friend\u201c<\/p>\n<p>Hoodie aus robuster Qualit\u00e4t mit hohem Kragenverschluss und K\u00e4ngurutasche. Das weiche, geb\u00fcrstete Innenfutter sorgt f\u00fcr angenehmen Tragekomfort.<\/p>\n","protected":false},"excerpt":{"rendered":"<p>\u201eNever be without a friend\u201c Hoodie aus robuster Qualit\u00e4t mit hohem Kragenverschluss und K\u00e4ngurutasche. Das weiche, geb\u00fcrstete Innenfutter sorgt f\u00fcr angenehmen Tragekomfort.<\/p>\n","protected":false},"featured_media":3119,"template":"","meta":{"inline_featured_image":false},"product_brand":[],"product_cat":[40],"product_tag":[],"class_list":{"0":"post-3107","1":"product","2":"type-product","3":"status-publish","4":"has-post-thumbnail","6":"product_cat-kleidung","8":"first","9":"instock","10":"taxable","11":"shipping-taxable","12":"purchasable","13":"product-type-variable"},"jetpack_sharing_enabled":true,"_links":{"self":[{"href":"https:\/\/ffl.tp-hosting.de\/de\/wp-json\/wp\/v2\/product\/3107","targetHints":{"allow":["GET"]}}],"collection":[{"href":"https:\/\/ffl.tp-hosting.de\/de\/wp-json\/wp\/v2\/product"}],"about":[{"href":"https:\/\/ffl.tp-hosting.de\/de\/wp-json\/wp\/v2\/types\/product"}],"wp:featuredmedia":[{"embeddable":true,"href":"https:\/\/ffl.tp-hosting.de\/de\/wp-json\/wp\/v2\/media\/3119"}],"wp:attachment":[{"href":"https:\/\/ffl.tp-hosting.de\/de\/wp-json\/wp\/v2\/media?parent=3107"}],"wp:term":[{"taxonomy":"product_brand","embeddable":true,"href":"https:\/\/ffl.tp-hosting.de\/de\/wp-json\/wp\/v2\/product_brand?post=3107"},{"taxonomy":"product_cat","embeddable":true,"href":"https:\/\/ffl.tp-hosting.de\/de\/wp-json\/wp\/v2\/product_cat?post=3107"},{"taxonomy":"product_tag","embeddable":true,"href":"https:\/\/ffl.tp-hosting.de\/de\/wp-json\/wp\/v2\/product_tag?post=3107"}],"curies":[{"name":"wp","href":"https:\/\/api.w.org\/{rel}","templated":true}]}}