{"id":810,"date":"2025-01-30T13:30:41","date_gmt":"2025-01-30T12:30:41","guid":{"rendered":"https:\/\/ffl.tp-hosting.de\/produkt\/ff-beach-bag-2\/"},"modified":"2025-06-12T16:54:28","modified_gmt":"2025-06-12T14:54:28","slug":"beachbag-raspberry","status":"publish","type":"product","link":"https:\/\/ffl.tp-hosting.de\/de\/produkt\/beachbag-raspberry\/","title":{"rendered":"Beachbag RASPBERRY"},"content":{"rendered":"<p>Wahrscheinlich die beliebteste Promotion in der Geschichte von FISHERMAN&#8217;S FRIEND, mit hoher Nachfrage bei Messen, Promotion-Teams und Verbrauchern. Nun endlich auch f\u00fcr die \u00d6ffentlichkeit erh\u00e4ltlich!<\/p>\n","protected":false},"excerpt":{"rendered":"<p>Wahrscheinlich die beliebteste Promotion in der Geschichte von FISHERMAN&#8217;S FRIEND, mit hoher Nachfrage bei Messen, Promotion-Teams und Verbrauchern. Nun endlich auch f\u00fcr die \u00d6ffentlichkeit erh\u00e4ltlich!<\/p>\n","protected":false},"featured_media":2515,"template":"","meta":{"inline_featured_image":false},"product_brand":[],"product_cat":[41],"product_tag":[],"class_list":{"0":"post-810","1":"product","2":"type-product","3":"status-publish","4":"has-post-thumbnail","6":"product_cat-accessoirs","8":"first","9":"instock","10":"taxable","11":"shipping-taxable","12":"purchasable","13":"product-type-simple"},"jetpack_sharing_enabled":true,"_links":{"self":[{"href":"https:\/\/ffl.tp-hosting.de\/de\/wp-json\/wp\/v2\/product\/810","targetHints":{"allow":["GET"]}}],"collection":[{"href":"https:\/\/ffl.tp-hosting.de\/de\/wp-json\/wp\/v2\/product"}],"about":[{"href":"https:\/\/ffl.tp-hosting.de\/de\/wp-json\/wp\/v2\/types\/product"}],"wp:featuredmedia":[{"embeddable":true,"href":"https:\/\/ffl.tp-hosting.de\/de\/wp-json\/wp\/v2\/media\/2515"}],"wp:attachment":[{"href":"https:\/\/ffl.tp-hosting.de\/de\/wp-json\/wp\/v2\/media?parent=810"}],"wp:term":[{"taxonomy":"product_brand","embeddable":true,"href":"https:\/\/ffl.tp-hosting.de\/de\/wp-json\/wp\/v2\/product_brand?post=810"},{"taxonomy":"product_cat","embeddable":true,"href":"https:\/\/ffl.tp-hosting.de\/de\/wp-json\/wp\/v2\/product_cat?post=810"},{"taxonomy":"product_tag","embeddable":true,"href":"https:\/\/ffl.tp-hosting.de\/de\/wp-json\/wp\/v2\/product_tag?post=810"}],"curies":[{"name":"wp","href":"https:\/\/api.w.org\/{rel}","templated":true}]}}