{"id":833,"date":"2025-01-28T12:00:15","date_gmt":"2025-01-28T11:00:15","guid":{"rendered":"https:\/\/ffl.tp-hosting.de\/?post_type=product&#038;p=833"},"modified":"2025-06-12T16:45:48","modified_gmt":"2025-06-12T14:45:48","slug":"jacke","status":"publish","type":"product","link":"https:\/\/ffl.tp-hosting.de\/de\/produkt\/jacke\/","title":{"rendered":"Jacke"},"content":{"rendered":"<p>Die Zip-n-Mix Shell Jacke kombiniert Funktionalit\u00e4t und Stil in ID Tech\u00ae-Qualit\u00e4t, ideal zum Bedrucken und Besticken. Ausgestattet mit einer Kapuze, einem weichen Polyesterfutter und robusten YKK-Frontrei\u00dfverschl\u00fcssen. Reflektierende B\u00e4nder sorgen f\u00fcr Sichtbarkeit, w\u00e4hrend verstellbare \u00c4rmel und ein elastischer Saum Komfort und Schutz bieten. Mehrere Taschen bieten ausreichend Stauraum. Die Jacke kann mit dem Zip&#8217;n&#8217;Mix Fleece kombiniert werden und verf\u00fcgt \u00fcber verschwei\u00dfte N\u00e4hte f\u00fcr zus\u00e4tzliche Haltbarkeit.<\/p>\n","protected":false},"excerpt":{"rendered":"<p>Die Zip-n-Mix Shell Jacke kombiniert Funktionalit\u00e4t und Stil in ID Tech\u00ae-Qualit\u00e4t, ideal zum Bedrucken und Besticken. Ausgestattet mit einer Kapuze, einem weichen Polyesterfutter und robusten YKK-Frontrei\u00dfverschl\u00fcssen. Reflektierende B\u00e4nder sorgen f\u00fcr&#8230;<\/p>\n","protected":false},"featured_media":2972,"template":"","meta":{"inline_featured_image":false},"product_brand":[],"product_cat":[40],"product_tag":[],"class_list":{"0":"post-833","1":"product","2":"type-product","3":"status-publish","4":"has-post-thumbnail","6":"product_cat-kleidung","8":"first","9":"instock","10":"taxable","11":"shipping-taxable","12":"purchasable","13":"product-type-variable"},"jetpack_sharing_enabled":true,"_links":{"self":[{"href":"https:\/\/ffl.tp-hosting.de\/de\/wp-json\/wp\/v2\/product\/833","targetHints":{"allow":["GET"]}}],"collection":[{"href":"https:\/\/ffl.tp-hosting.de\/de\/wp-json\/wp\/v2\/product"}],"about":[{"href":"https:\/\/ffl.tp-hosting.de\/de\/wp-json\/wp\/v2\/types\/product"}],"wp:featuredmedia":[{"embeddable":true,"href":"https:\/\/ffl.tp-hosting.de\/de\/wp-json\/wp\/v2\/media\/2972"}],"wp:attachment":[{"href":"https:\/\/ffl.tp-hosting.de\/de\/wp-json\/wp\/v2\/media?parent=833"}],"wp:term":[{"taxonomy":"product_brand","embeddable":true,"href":"https:\/\/ffl.tp-hosting.de\/de\/wp-json\/wp\/v2\/product_brand?post=833"},{"taxonomy":"product_cat","embeddable":true,"href":"https:\/\/ffl.tp-hosting.de\/de\/wp-json\/wp\/v2\/product_cat?post=833"},{"taxonomy":"product_tag","embeddable":true,"href":"https:\/\/ffl.tp-hosting.de\/de\/wp-json\/wp\/v2\/product_tag?post=833"}],"curies":[{"name":"wp","href":"https:\/\/api.w.org\/{rel}","templated":true}]}}