{"id":845,"date":"2025-01-28T12:02:44","date_gmt":"2025-01-28T11:02:44","guid":{"rendered":"https:\/\/ffl.tp-hosting.de\/?post_type=product&#038;p=845"},"modified":"2025-06-17T09:33:19","modified_gmt":"2025-06-17T07:33:19","slug":"hoodie-sind-sie-zu-stark","status":"publish","type":"product","link":"https:\/\/ffl.tp-hosting.de\/de\/produkt\/hoodie-sind-sie-zu-stark\/","title":{"rendered":"Hoodie &#8211; Sind sie zu stark"},"content":{"rendered":"<p>\u201eSind sie zu stark?\u201c<\/p>\n<p>Hoodie aus robuster Qualit\u00e4t mit hohem Kragenverschluss und K\u00e4ngurutasche. Das weiche, geb\u00fcrstete Innenfutter sorgt f\u00fcr angenehmen Tragekomfort.<\/p>\n","protected":false},"excerpt":{"rendered":"<p>\u201eSind sie zu stark?\u201c Hoodie aus robuster Qualit\u00e4t mit hohem Kragenverschluss und K\u00e4ngurutasche. Das weiche, geb\u00fcrstete Innenfutter sorgt f\u00fcr angenehmen Tragekomfort.<\/p>\n","protected":false},"featured_media":188,"template":"","meta":{"inline_featured_image":false},"product_brand":[],"product_cat":[40],"product_tag":[],"class_list":{"0":"post-845","1":"product","2":"type-product","3":"status-publish","4":"has-post-thumbnail","6":"product_cat-kleidung","8":"first","9":"instock","10":"taxable","11":"shipping-taxable","12":"purchasable","13":"product-type-variable"},"jetpack_sharing_enabled":true,"_links":{"self":[{"href":"https:\/\/ffl.tp-hosting.de\/de\/wp-json\/wp\/v2\/product\/845","targetHints":{"allow":["GET"]}}],"collection":[{"href":"https:\/\/ffl.tp-hosting.de\/de\/wp-json\/wp\/v2\/product"}],"about":[{"href":"https:\/\/ffl.tp-hosting.de\/de\/wp-json\/wp\/v2\/types\/product"}],"wp:featuredmedia":[{"embeddable":true,"href":"https:\/\/ffl.tp-hosting.de\/de\/wp-json\/wp\/v2\/media\/188"}],"wp:attachment":[{"href":"https:\/\/ffl.tp-hosting.de\/de\/wp-json\/wp\/v2\/media?parent=845"}],"wp:term":[{"taxonomy":"product_brand","embeddable":true,"href":"https:\/\/ffl.tp-hosting.de\/de\/wp-json\/wp\/v2\/product_brand?post=845"},{"taxonomy":"product_cat","embeddable":true,"href":"https:\/\/ffl.tp-hosting.de\/de\/wp-json\/wp\/v2\/product_cat?post=845"},{"taxonomy":"product_tag","embeddable":true,"href":"https:\/\/ffl.tp-hosting.de\/de\/wp-json\/wp\/v2\/product_tag?post=845"}],"curies":[{"name":"wp","href":"https:\/\/api.w.org\/{rel}","templated":true}]}}