{"id":881,"date":"2025-01-28T12:49:04","date_gmt":"2025-01-28T11:49:04","guid":{"rendered":"https:\/\/ffl.tp-hosting.de\/?post_type=product&#038;p=881"},"modified":"2025-06-13T11:37:45","modified_gmt":"2025-06-13T09:37:45","slug":"t-shirt-strong-stuff-is-good-stuff","status":"publish","type":"product","link":"https:\/\/ffl.tp-hosting.de\/de\/produkt\/t-shirt-strong-stuff-is-good-stuff\/","title":{"rendered":"T-Shirt &#8211; Strong stuff is good stuff"},"content":{"rendered":"<p>\u201eStrong Stuff is good Stuff\u201c<\/p>\n<p>Klassisches T-Shirt aus 100% Baumwolle in Single-Jersey-Qualit\u00e4t, zertifiziert nach OEKO-TEX\u00ae Standard 100. Es verf\u00fcgt \u00fcber einen Rundhalsausschnitt und elastische B\u00fcndchen. Das Modell JN789 ist leicht tailliert mit Seitenn\u00e4hten, w\u00e4hrend das Modell JN790 ohne Seitenn\u00e4hte gestaltet ist.<\/p>\n","protected":false},"excerpt":{"rendered":"<p>\u201eStrong Stuff is good Stuff\u201c Klassisches T-Shirt aus 100% Baumwolle in Single-Jersey-Qualit\u00e4t, zertifiziert nach OEKO-TEX\u00ae Standard 100. Es verf\u00fcgt \u00fcber einen Rundhalsausschnitt und elastische B\u00fcndchen. Das Modell JN789 ist leicht&#8230;<\/p>\n","protected":false},"featured_media":2860,"template":"","meta":{"inline_featured_image":false},"product_brand":[],"product_cat":[40],"product_tag":[],"class_list":{"0":"post-881","1":"product","2":"type-product","3":"status-publish","4":"has-post-thumbnail","6":"product_cat-kleidung","8":"first","9":"instock","10":"taxable","11":"shipping-taxable","12":"purchasable","13":"product-type-variable"},"jetpack_sharing_enabled":true,"_links":{"self":[{"href":"https:\/\/ffl.tp-hosting.de\/de\/wp-json\/wp\/v2\/product\/881","targetHints":{"allow":["GET"]}}],"collection":[{"href":"https:\/\/ffl.tp-hosting.de\/de\/wp-json\/wp\/v2\/product"}],"about":[{"href":"https:\/\/ffl.tp-hosting.de\/de\/wp-json\/wp\/v2\/types\/product"}],"wp:featuredmedia":[{"embeddable":true,"href":"https:\/\/ffl.tp-hosting.de\/de\/wp-json\/wp\/v2\/media\/2860"}],"wp:attachment":[{"href":"https:\/\/ffl.tp-hosting.de\/de\/wp-json\/wp\/v2\/media?parent=881"}],"wp:term":[{"taxonomy":"product_brand","embeddable":true,"href":"https:\/\/ffl.tp-hosting.de\/de\/wp-json\/wp\/v2\/product_brand?post=881"},{"taxonomy":"product_cat","embeddable":true,"href":"https:\/\/ffl.tp-hosting.de\/de\/wp-json\/wp\/v2\/product_cat?post=881"},{"taxonomy":"product_tag","embeddable":true,"href":"https:\/\/ffl.tp-hosting.de\/de\/wp-json\/wp\/v2\/product_tag?post=881"}],"curies":[{"name":"wp","href":"https:\/\/api.w.org\/{rel}","templated":true}]}}