{"id":893,"date":"2025-01-28T13:08:22","date_gmt":"2025-01-28T12:08:22","guid":{"rendered":"https:\/\/ffl.tp-hosting.de\/?post_type=product&#038;p=893"},"modified":"2025-06-17T09:33:55","modified_gmt":"2025-06-17T07:33:55","slug":"polo-shirt-sind-sie-zu-stark","status":"publish","type":"product","link":"https:\/\/ffl.tp-hosting.de\/de\/produkt\/polo-shirt-sind-sie-zu-stark\/","title":{"rendered":"Polo-Shirt &#8211; Sind sie zu stark"},"content":{"rendered":"<p>\u201eSind sie zu stark?\u201c<\/p>\n<p>Klassisches Poloshirt aus 100% Baumwolle in hochwertiger Piqu\u00e9-Qualit\u00e4t. Es verf\u00fcgt \u00fcber einen gestrickten Polokragen und \u00c4rmelb\u00fcndchen sowie Ton-in-Ton-Kn\u00f6pfe. Der taillierte Schnitt (JN791) sorgt f\u00fcr eine elegante Passform. Zertifiziert nach OEKO-TEX\u00ae Standard 100.<\/p>\n","protected":false},"excerpt":{"rendered":"<p>\u201eSind sie zu stark?\u201c Klassisches Poloshirt aus 100% Baumwolle in hochwertiger Piqu\u00e9-Qualit\u00e4t. Es verf\u00fcgt \u00fcber einen gestrickten Polokragen und \u00c4rmelb\u00fcndchen sowie Ton-in-Ton-Kn\u00f6pfe. Der taillierte Schnitt (JN791) sorgt f\u00fcr eine elegante&#8230;<\/p>\n","protected":false},"featured_media":194,"template":"","meta":{"inline_featured_image":false},"product_brand":[],"product_cat":[40],"product_tag":[],"class_list":{"0":"post-893","1":"product","2":"type-product","3":"status-publish","4":"has-post-thumbnail","6":"product_cat-kleidung","8":"first","9":"instock","10":"taxable","11":"shipping-taxable","12":"purchasable","13":"product-type-variable"},"jetpack_sharing_enabled":true,"_links":{"self":[{"href":"https:\/\/ffl.tp-hosting.de\/de\/wp-json\/wp\/v2\/product\/893","targetHints":{"allow":["GET"]}}],"collection":[{"href":"https:\/\/ffl.tp-hosting.de\/de\/wp-json\/wp\/v2\/product"}],"about":[{"href":"https:\/\/ffl.tp-hosting.de\/de\/wp-json\/wp\/v2\/types\/product"}],"wp:featuredmedia":[{"embeddable":true,"href":"https:\/\/ffl.tp-hosting.de\/de\/wp-json\/wp\/v2\/media\/194"}],"wp:attachment":[{"href":"https:\/\/ffl.tp-hosting.de\/de\/wp-json\/wp\/v2\/media?parent=893"}],"wp:term":[{"taxonomy":"product_brand","embeddable":true,"href":"https:\/\/ffl.tp-hosting.de\/de\/wp-json\/wp\/v2\/product_brand?post=893"},{"taxonomy":"product_cat","embeddable":true,"href":"https:\/\/ffl.tp-hosting.de\/de\/wp-json\/wp\/v2\/product_cat?post=893"},{"taxonomy":"product_tag","embeddable":true,"href":"https:\/\/ffl.tp-hosting.de\/de\/wp-json\/wp\/v2\/product_tag?post=893"}],"curies":[{"name":"wp","href":"https:\/\/api.w.org\/{rel}","templated":true}]}}