{"id":925,"date":"2025-01-29T20:00:45","date_gmt":"2025-01-29T19:00:45","guid":{"rendered":"https:\/\/ffl.tp-hosting.de\/?post_type=product&#038;p=925"},"modified":"2025-06-12T16:51:22","modified_gmt":"2025-06-12T14:51:22","slug":"rucksack","status":"publish","type":"product","link":"https:\/\/ffl.tp-hosting.de\/de\/produkt\/rucksack\/","title":{"rendered":"Rucksack"},"content":{"rendered":"<p>Der ACTIVE Notebook-Rucksack ist ein stilvoller Rolltop-Rucksack aus recyceltem Material, ideal f\u00fcr Laptops bis zu 15 Zoll. Er verf\u00fcgt \u00fcber ein ger\u00e4umiges Hauptfach mit Rei\u00dfverschluss, eine gro\u00dfe Fronttasche, Diebstahlschutzfunktionen sowie ein gepolstertes Tragesystem mit verstellbarem Brustgurt. Der Rucksack ist PVC-frei und verf\u00fcgt \u00fcber eine Befestigungsschlaufe f\u00fcr Trolley-Griffe.<\/p>\n","protected":false},"excerpt":{"rendered":"<p>Der ACTIVE Notebook-Rucksack ist ein stilvoller Rolltop-Rucksack aus recyceltem Material, ideal f\u00fcr Laptops bis zu 15 Zoll. Er verf\u00fcgt \u00fcber ein ger\u00e4umiges Hauptfach mit Rei\u00dfverschluss, eine gro\u00dfe Fronttasche, Diebstahlschutzfunktionen sowie&#8230;<\/p>\n","protected":false},"featured_media":196,"template":"","meta":{"inline_featured_image":false},"product_brand":[],"product_cat":[41],"product_tag":[],"class_list":{"0":"post-925","1":"product","2":"type-product","3":"status-publish","4":"has-post-thumbnail","6":"product_cat-accessoirs","8":"first","9":"instock","10":"taxable","11":"shipping-taxable","12":"purchasable","13":"product-type-simple"},"jetpack_sharing_enabled":true,"_links":{"self":[{"href":"https:\/\/ffl.tp-hosting.de\/de\/wp-json\/wp\/v2\/product\/925","targetHints":{"allow":["GET"]}}],"collection":[{"href":"https:\/\/ffl.tp-hosting.de\/de\/wp-json\/wp\/v2\/product"}],"about":[{"href":"https:\/\/ffl.tp-hosting.de\/de\/wp-json\/wp\/v2\/types\/product"}],"wp:featuredmedia":[{"embeddable":true,"href":"https:\/\/ffl.tp-hosting.de\/de\/wp-json\/wp\/v2\/media\/196"}],"wp:attachment":[{"href":"https:\/\/ffl.tp-hosting.de\/de\/wp-json\/wp\/v2\/media?parent=925"}],"wp:term":[{"taxonomy":"product_brand","embeddable":true,"href":"https:\/\/ffl.tp-hosting.de\/de\/wp-json\/wp\/v2\/product_brand?post=925"},{"taxonomy":"product_cat","embeddable":true,"href":"https:\/\/ffl.tp-hosting.de\/de\/wp-json\/wp\/v2\/product_cat?post=925"},{"taxonomy":"product_tag","embeddable":true,"href":"https:\/\/ffl.tp-hosting.de\/de\/wp-json\/wp\/v2\/product_tag?post=925"}],"curies":[{"name":"wp","href":"https:\/\/api.w.org\/{rel}","templated":true}]}}