{"id":926,"date":"2025-01-29T20:30:53","date_gmt":"2025-01-29T19:30:53","guid":{"rendered":"https:\/\/ffl.tp-hosting.de\/?post_type=product&#038;p=926"},"modified":"2025-06-12T16:51:40","modified_gmt":"2025-06-12T14:51:40","slug":"wasserflasche","status":"publish","type":"product","link":"https:\/\/ffl.tp-hosting.de\/de\/produkt\/wasserflasche\/","title":{"rendered":"Wasserflasche"},"content":{"rendered":"<p>Die 770-ml-Wasserflasche aus RCS-zertifiziertem recyceltem Aluminium ist der ideale Begleiter f\u00fcr Sport, Ausfl\u00fcge und das B\u00fcro. Robust, leicht und BPA-frei, mit Schraubverschluss und Karabiner (nicht zum Klettern geeignet).<\/p>\n","protected":false},"excerpt":{"rendered":"<p>Die 770-ml-Wasserflasche aus RCS-zertifiziertem recyceltem Aluminium ist der ideale Begleiter f\u00fcr Sport, Ausfl\u00fcge und das B\u00fcro. Robust, leicht und BPA-frei, mit Schraubverschluss und Karabiner (nicht zum Klettern geeignet).<\/p>\n","protected":false},"featured_media":181,"template":"","meta":{"inline_featured_image":false},"product_brand":[],"product_cat":[41],"product_tag":[],"class_list":{"0":"post-926","1":"product","2":"type-product","3":"status-publish","4":"has-post-thumbnail","6":"product_cat-accessoirs","8":"first","9":"instock","10":"taxable","11":"shipping-taxable","12":"purchasable","13":"product-type-simple"},"jetpack_sharing_enabled":true,"_links":{"self":[{"href":"https:\/\/ffl.tp-hosting.de\/de\/wp-json\/wp\/v2\/product\/926","targetHints":{"allow":["GET"]}}],"collection":[{"href":"https:\/\/ffl.tp-hosting.de\/de\/wp-json\/wp\/v2\/product"}],"about":[{"href":"https:\/\/ffl.tp-hosting.de\/de\/wp-json\/wp\/v2\/types\/product"}],"wp:featuredmedia":[{"embeddable":true,"href":"https:\/\/ffl.tp-hosting.de\/de\/wp-json\/wp\/v2\/media\/181"}],"wp:attachment":[{"href":"https:\/\/ffl.tp-hosting.de\/de\/wp-json\/wp\/v2\/media?parent=926"}],"wp:term":[{"taxonomy":"product_brand","embeddable":true,"href":"https:\/\/ffl.tp-hosting.de\/de\/wp-json\/wp\/v2\/product_brand?post=926"},{"taxonomy":"product_cat","embeddable":true,"href":"https:\/\/ffl.tp-hosting.de\/de\/wp-json\/wp\/v2\/product_cat?post=926"},{"taxonomy":"product_tag","embeddable":true,"href":"https:\/\/ffl.tp-hosting.de\/de\/wp-json\/wp\/v2\/product_tag?post=926"}],"curies":[{"name":"wp","href":"https:\/\/api.w.org\/{rel}","templated":true}]}}