{"id":930,"date":"2025-01-29T22:30:41","date_gmt":"2025-01-29T21:30:41","guid":{"rendered":"https:\/\/ffl.tp-hosting.de\/?post_type=product&#038;p=930"},"modified":"2025-06-12T16:53:31","modified_gmt":"2025-06-12T14:53:31","slug":"armband-bracenet","status":"publish","type":"product","link":"https:\/\/ffl.tp-hosting.de\/de\/produkt\/armband-bracenet\/","title":{"rendered":"Armband BRACENET"},"content":{"rendered":"<p>Bracenet-Armband aus alten Fischernetzen mit Magnetverschluss, erh\u00e4ltlich in 3 verschiedenen Gr\u00f6\u00dfen (S=19cm\/M=21cm\/L=22cm). Inklusive Gravur.<\/p>\n","protected":false},"excerpt":{"rendered":"<p>Bracenet-Armband aus alten Fischernetzen mit Magnetverschluss, erh\u00e4ltlich in 3 verschiedenen Gr\u00f6\u00dfen (S=19cm\/M=21cm\/L=22cm). Inklusive Gravur.<\/p>\n","protected":false},"featured_media":182,"template":"","meta":{"inline_featured_image":false},"product_brand":[],"product_cat":[41],"product_tag":[],"class_list":{"0":"post-930","1":"product","2":"type-product","3":"status-publish","4":"has-post-thumbnail","6":"product_cat-accessoirs","8":"first","9":"instock","10":"taxable","11":"shipping-taxable","12":"purchasable","13":"product-type-variable"},"jetpack_sharing_enabled":true,"_links":{"self":[{"href":"https:\/\/ffl.tp-hosting.de\/de\/wp-json\/wp\/v2\/product\/930","targetHints":{"allow":["GET"]}}],"collection":[{"href":"https:\/\/ffl.tp-hosting.de\/de\/wp-json\/wp\/v2\/product"}],"about":[{"href":"https:\/\/ffl.tp-hosting.de\/de\/wp-json\/wp\/v2\/types\/product"}],"wp:featuredmedia":[{"embeddable":true,"href":"https:\/\/ffl.tp-hosting.de\/de\/wp-json\/wp\/v2\/media\/182"}],"wp:attachment":[{"href":"https:\/\/ffl.tp-hosting.de\/de\/wp-json\/wp\/v2\/media?parent=930"}],"wp:term":[{"taxonomy":"product_brand","embeddable":true,"href":"https:\/\/ffl.tp-hosting.de\/de\/wp-json\/wp\/v2\/product_brand?post=930"},{"taxonomy":"product_cat","embeddable":true,"href":"https:\/\/ffl.tp-hosting.de\/de\/wp-json\/wp\/v2\/product_cat?post=930"},{"taxonomy":"product_tag","embeddable":true,"href":"https:\/\/ffl.tp-hosting.de\/de\/wp-json\/wp\/v2\/product_tag?post=930"}],"curies":[{"name":"wp","href":"https:\/\/api.w.org\/{rel}","templated":true}]}}